{"id":1629,"date":"2015-08-03T23:23:40","date_gmt":"2015-08-03T22:23:40","guid":{"rendered":"https:\/\/blog.klicklack.de\/?page_id=1629"},"modified":"2025-04-23T11:39:36","modified_gmt":"2025-04-23T10:39:36","slug":"sequoia-national-forest-und-kings-canyon","status":"publish","type":"page","link":"https:\/\/www.klicklack.de\/?page_id=1629","title":{"rendered":"Sequoia National Forest und Kings Canyon"},"content":{"rendered":"<p>Nich so interessant war der &#8222;Doppelpark&#8220; Sequoia and Kings Canyon. Man kann die Landschaft zwar bewundern und die Mammutb\u00e4ume sind sehr respektabel und lohnend anzusehen, aber fotografisch kaum zu erfassen. Zumindest nicht, wenn man auf Rundreise ist und entsprechend wenig Zeit dazu hat. Eine Besichtigung lohnt aber trotzdem. Interessant ist auch der Weg dahin, der von Fresno aus durch ein gro\u00dfes Apfel- Anbaugebiet f\u00fchrt und ein paar H\u00fcgel als Motive bietet.<\/p>\n<figure id=\"attachment_1630\" aria-describedby=\"caption-attachment-1630\" style=\"width: 800px\" class=\"wp-caption alignnone\"><a href=\"https:\/\/blog.klicklack.de\/wp-content\/uploads\/2015\/08\/DSCF4503.jpg\"><img loading=\"lazy\" decoding=\"async\" class=\"size-full wp-image-1630\" title=\"DSCF4503\" src=\"https:\/\/blog.klicklack.de\/wp-content\/uploads\/2015\/08\/DSCF4503.jpg\" alt=\"\" width=\"800\" height=\"533\" srcset=\"https:\/\/www.klicklack.de\/wp-content\/uploads\/2015\/08\/DSCF4503.jpg 800w, https:\/\/www.klicklack.de\/wp-content\/uploads\/2015\/08\/DSCF4503-300x199.jpg 300w, https:\/\/www.klicklack.de\/wp-content\/uploads\/2015\/08\/DSCF4503-450x300.jpg 450w\" sizes=\"auto, (max-width: 800px) 100vw, 800px\" \/><\/a><figcaption id=\"caption-attachment-1630\" class=\"wp-caption-text\">Junge Apfelplantage bei Fresno.<\/figcaption><\/figure>\n<p>Selbst dann sind die Farben aber immer noch richtig gut, wie man oben schon sehen kann.<\/p>\n<figure id=\"attachment_1631\" aria-describedby=\"caption-attachment-1631\" style=\"width: 800px\" class=\"wp-caption alignnone\"><a href=\"https:\/\/blog.klicklack.de\/wp-content\/uploads\/2015\/08\/DSCF4507.jpg\"><img loading=\"lazy\" decoding=\"async\" class=\"size-full wp-image-1631\" title=\"DSCF4507\" src=\"https:\/\/blog.klicklack.de\/wp-content\/uploads\/2015\/08\/DSCF4507.jpg\" alt=\"\" width=\"800\" height=\"533\" srcset=\"https:\/\/www.klicklack.de\/wp-content\/uploads\/2015\/08\/DSCF4507.jpg 800w, https:\/\/www.klicklack.de\/wp-content\/uploads\/2015\/08\/DSCF4507-300x199.jpg 300w, https:\/\/www.klicklack.de\/wp-content\/uploads\/2015\/08\/DSCF4507-450x300.jpg 450w\" sizes=\"auto, (max-width: 800px) 100vw, 800px\" \/><\/a><figcaption id=\"caption-attachment-1631\" class=\"wp-caption-text\">H\u00fcgellandschaft bei Fresno<\/figcaption><\/figure>\n<p>So und so \u00e4hnlich wie auf dem Bild oben sieht es sehr oft westlich der Rockies aus. Normalerweise sollte um die Zeit(April) alles gr\u00fcn sein. Das trockene Gras ist der Trockenheit und den letzten schneearmen Wintern geschuldet.<\/p>\n<figure id=\"attachment_1632\" aria-describedby=\"caption-attachment-1632\" style=\"width: 800px\" class=\"wp-caption alignnone\"><a href=\"https:\/\/blog.klicklack.de\/wp-content\/uploads\/2015\/08\/DSCF4509.jpg\"><img loading=\"lazy\" decoding=\"async\" class=\"size-full wp-image-1632\" title=\"DSCF4509\" src=\"https:\/\/blog.klicklack.de\/wp-content\/uploads\/2015\/08\/DSCF4509.jpg\" alt=\"\" width=\"800\" height=\"533\" srcset=\"https:\/\/www.klicklack.de\/wp-content\/uploads\/2015\/08\/DSCF4509.jpg 800w, https:\/\/www.klicklack.de\/wp-content\/uploads\/2015\/08\/DSCF4509-300x199.jpg 300w, https:\/\/www.klicklack.de\/wp-content\/uploads\/2015\/08\/DSCF4509-450x300.jpg 450w\" sizes=\"auto, (max-width: 800px) 100vw, 800px\" \/><\/a><figcaption id=\"caption-attachment-1632\" class=\"wp-caption-text\">Ein bisschen mehr Felsen.<\/figcaption><\/figure>\n<p>Auch das obige Bild ist typisch f\u00fcr die Landschaft dort: Steinig oder sandig im Wechsel. Und wenn es flach ist, baut man Obst an.<\/p>\n<figure id=\"attachment_1633\" aria-describedby=\"caption-attachment-1633\" style=\"width: 800px\" class=\"wp-caption alignnone\"><a href=\"https:\/\/blog.klicklack.de\/wp-content\/uploads\/2015\/08\/DSCF4517.jpg\"><img loading=\"lazy\" decoding=\"async\" class=\"size-full wp-image-1633\" title=\"DSCF4517\" src=\"https:\/\/blog.klicklack.de\/wp-content\/uploads\/2015\/08\/DSCF4517.jpg\" alt=\"\" width=\"800\" height=\"533\" srcset=\"https:\/\/www.klicklack.de\/wp-content\/uploads\/2015\/08\/DSCF4517.jpg 800w, https:\/\/www.klicklack.de\/wp-content\/uploads\/2015\/08\/DSCF4517-300x199.jpg 300w, https:\/\/www.klicklack.de\/wp-content\/uploads\/2015\/08\/DSCF4517-450x300.jpg 450w\" sizes=\"auto, (max-width: 800px) 100vw, 800px\" \/><\/a><figcaption id=\"caption-attachment-1633\" class=\"wp-caption-text\">Kings Canyon \u00dcbersicht.<\/figcaption><\/figure>\n<p>Es gibt Tage, da hat man kein Gl\u00fcck. Der erste Tag in Fresno war so einer. Ich hatte mir etwas mehr erwartet, was die Landschaft anging, war aber schon ein bisschen Yosemite- verw\u00f6hnt. Bei genauerer Betrachtung und weniger regnerischem Wetter(das kann es auch dort geben!) hat man auch besseres Licht und damit bessere Bilder.<\/p>\n<figure id=\"attachment_1635\" aria-describedby=\"caption-attachment-1635\" style=\"width: 800px\" class=\"wp-caption alignnone\"><a href=\"https:\/\/blog.klicklack.de\/wp-content\/uploads\/2015\/08\/ESCF1037.jpg\"><img loading=\"lazy\" decoding=\"async\" class=\"size-full wp-image-1635\" title=\"ESCF1037\" src=\"https:\/\/blog.klicklack.de\/wp-content\/uploads\/2015\/08\/ESCF1037.jpg\" alt=\"\" width=\"800\" height=\"1200\" srcset=\"https:\/\/www.klicklack.de\/wp-content\/uploads\/2015\/08\/ESCF1037.jpg 800w, https:\/\/www.klicklack.de\/wp-content\/uploads\/2015\/08\/ESCF1037-200x300.jpg 200w, https:\/\/www.klicklack.de\/wp-content\/uploads\/2015\/08\/ESCF1037-682x1024.jpg 682w\" sizes=\"auto, (max-width: 800px) 100vw, 800px\" \/><\/a><figcaption id=\"caption-attachment-1635\" class=\"wp-caption-text\">Mammutbaum. Damit man sieht, dass ich auch da war.<\/figcaption><\/figure>\n<p>Der Sequoia- Park ist sehr sch\u00f6n, aber ich hatte eben Pech mit dem Licht. Sch\u00f6n und \u00fcberaus sch\u00fctzenswert sind die Mammutb\u00e4ume aber trotzdem. Das sollte man wissen.<\/p>\n<figure id=\"attachment_1636\" aria-describedby=\"caption-attachment-1636\" style=\"width: 533px\" class=\"wp-caption alignnone\"><a href=\"https:\/\/blog.klicklack.de\/wp-content\/uploads\/2015\/08\/ESCF1042.jpg\"><img loading=\"lazy\" decoding=\"async\" class=\"size-full wp-image-1636\" title=\"ESCF1042\" src=\"https:\/\/blog.klicklack.de\/wp-content\/uploads\/2015\/08\/ESCF1042.jpg\" alt=\"\" width=\"533\" height=\"800\" srcset=\"https:\/\/www.klicklack.de\/wp-content\/uploads\/2015\/08\/ESCF1042.jpg 533w, https:\/\/www.klicklack.de\/wp-content\/uploads\/2015\/08\/ESCF1042-199x300.jpg 199w\" sizes=\"auto, (max-width: 533px) 100vw, 533px\" \/><\/a><figcaption id=\"caption-attachment-1636\" class=\"wp-caption-text\">Noch einer. Dieser hier hat einen Namen und wird &#8222;General Grant&#8220; genannt. Wer davorgestanden hat, wei\u00df warum.<\/figcaption><\/figure>\n<p>Trotz ihrer wirklich beeindruckenden Gr\u00f6\u00dfe und Sch\u00f6nheit sind diese B\u00e4ume sehr sensible Lebewesen. Die Z\u00e4une um die B\u00e4ume herum dienen dem Zweck, die Wurzeln zu sch\u00fctzen. Auch der Abtrag durch ein paar Schuhsohlen kann diese B\u00e4ume schon gef\u00e4hrden, vor allem, wenn es die von ein paar vielen Touristen sind. Man sollte daher schon ein bisschen Distanz halten. Andere wollen diese Sch\u00f6nheiten auch sehen und leben wollen sie auch, die B\u00e4ume.<\/p>\n<p>Deshalb hier mal ein paar Verhaltensweisen, die eigentlich selbstverst\u00e4ndlich sein sollten, es aber vor allem f\u00fcr meine begriffsstutzigen Landsleute oft nicht sind, wie ich dort mal wieder beobachten musste:<\/p>\n<ul>\n<li>Nicht auf den Wurzeln herumturnen.<\/li>\n<li>Die Fluppe kann auch mal ausbleiben, liebe Raucher(ich schm\u00f6ke selbst und halte mich daran!).<\/li>\n<li>Keinen Abfall liegenlassen, auch keine Zigarettenkippen.<\/li>\n<li>Grunds\u00e4tzlich auf den Wegen bleiben, wie in Deutschland auch.<\/li>\n<li>Wird es dunkel, geht der Weg in Richtung Auto und nicht Richtung Wald.<\/li>\n<li>Auf Getier achten. Eine Begegnung mit einem B\u00e4ren kann ungesund sein.<\/li>\n<li>Keine Wildtiere f\u00fcttern, auch nicht die niedlichen Erdh\u00f6rnchen.<\/li>\n<\/ul>\n<p>Wie gesagt, der Park ist sehr lohnenswert, um ihn sich anzusehen, aber bei schlechtem Wetter ist es nur schwer machbar, an gute Bilder zu kommen.<\/p>\n","protected":false},"excerpt":{"rendered":"<p>Nich so interessant war der &#8222;Doppelpark&#8220; Sequoia and Kings Canyon. Man kann die Landschaft zwar bewundern und die<\/p>\n","protected":false},"author":1,"featured_media":0,"parent":0,"menu_order":0,"comment_status":"open","ping_status":"open","template":"","meta":{"footnotes":""},"class_list":["post-1629","page","type-page","status-publish","hentry"],"_links":{"self":[{"href":"https:\/\/www.klicklack.de\/index.php?rest_route=\/wp\/v2\/pages\/1629","targetHints":{"allow":["GET"]}}],"collection":[{"href":"https:\/\/www.klicklack.de\/index.php?rest_route=\/wp\/v2\/pages"}],"about":[{"href":"https:\/\/www.klicklack.de\/index.php?rest_route=\/wp\/v2\/types\/page"}],"author":[{"embeddable":true,"href":"https:\/\/www.klicklack.de\/index.php?rest_route=\/wp\/v2\/users\/1"}],"replies":[{"embeddable":true,"href":"https:\/\/www.klicklack.de\/index.php?rest_route=%2Fwp%2Fv2%2Fcomments&post=1629"}],"version-history":[{"count":5,"href":"https:\/\/www.klicklack.de\/index.php?rest_route=\/wp\/v2\/pages\/1629\/revisions"}],"predecessor-version":[{"id":4034,"href":"https:\/\/www.klicklack.de\/index.php?rest_route=\/wp\/v2\/pages\/1629\/revisions\/4034"}],"wp:attachment":[{"href":"https:\/\/www.klicklack.de\/index.php?rest_route=%2Fwp%2Fv2%2Fmedia&parent=1629"}],"curies":[{"name":"wp","href":"https:\/\/api.w.org\/{rel}","templated":true}]}}